{"id":64,"date":"2024-08-30T11:52:36","date_gmt":"2024-08-30T09:52:36","guid":{"rendered":"https:\/\/www.pierrematter.fr\/?page_id=64"},"modified":"2025-10-09T12:14:52","modified_gmt":"2025-10-09T10:14:52","slug":"oeuvres-disponibles","status":"publish","type":"page","link":"https:\/\/www.pierrematter.fr\/en\/oeuvres-disponibles\/","title":{"rendered":"Available"},"content":{"rendered":"<p>[et_pb_section fb_built=\u00a0\u00bb1&Prime; _builder_version=\u00a0\u00bb4.27.0&Prime; _module_preset=\u00a0\u00bbdefault\u00a0\u00bb background_color=\u00a0\u00bbrgba(0,0,0,0.67)\u00a0\u00bb background_image=\u00a0\u00bbhttps:\/\/www.pierrematter.fr\/wp-content\/uploads\/2024\/08\/7.jpg\u00a0\u00bb background_position=\u00a0\u00bbtop_center\u00a0\u00bb background_vertical_offset=\u00a0\u00bb34%\u00a0\u00bb background_blend=\u00a0\u00bboverlay\u00a0\u00bb custom_padding=\u00a0\u00bb0px||0px||true|false\u00a0\u00bb locked=\u00a0\u00bbon\u00a0\u00bb global_colors_info=\u00a0\u00bb{}\u00a0\u00bb][et_pb_row _builder_version=\u00a0\u00bb4.27.0&Prime; _module_preset=\u00a0\u00bbdefault\u00a0\u00bb max_width=\u00a0\u00bb100%\u00a0\u00bb global_colors_info=\u00a0\u00bb{}\u00a0\u00bb][et_pb_column type=\u00a0\u00bb4_4&Prime; _builder_version=\u00a0\u00bb4.27.0&Prime; _module_preset=\u00a0\u00bbdefault\u00a0\u00bb global_colors_info=\u00a0\u00bb{}\u00a0\u00bb][et_pb_text _builder_version=\u00a0\u00bb4.27.0&Prime; _module_preset=\u00a0\u00bbdefault\u00a0\u00bb text_text_color=\u00a0\u00bb#FFFFFF\u00a0\u00bb header_font=\u00a0\u00bb|700||on|||||\u00a0\u00bb header_text_color=\u00a0\u00bb#FFFFFF\u00a0\u00bb global_colors_info=\u00a0\u00bb{}\u00a0\u00bb]<\/p>\n<h1>Available<\/h1>\n<p>[\/et_pb_text][\/et_pb_column][\/et_pb_row][\/et_pb_section][et_pb_section fb_built=\u00a0\u00bb1&Prime; _builder_version=\u00a0\u00bb4.27.0&Prime; _module_preset=\u00a0\u00bbdefault\u00a0\u00bb global_colors_info=\u00a0\u00bb{}\u00a0\u00bb][et_pb_row _builder_version=\u00a0\u00bb4.27.0&Prime; _module_preset=\u00a0\u00bbdefault\u00a0\u00bb max_width=\u00a0\u00bb100%\u00a0\u00bb global_colors_info=\u00a0\u00bb{}\u00a0\u00bb][et_pb_column type=\u00a0\u00bb4_4&Prime; _builder_version=\u00a0\u00bb4.27.0&Prime; _module_preset=\u00a0\u00bbdefault\u00a0\u00bb global_colors_info=\u00a0\u00bb{}\u00a0\u00bb][et_pb_text _builder_version=\u00a0\u00bb4.27.0&Prime; _module_preset=\u00a0\u00bbdefault\u00a0\u00bb global_colors_info=\u00a0\u00bb{}\u00a0\u00bb]<\/p>\n<p>Pierre Matter primarily works with bronze and incorporates recycled metal objects into his sculptures, using welding, plasma cutters, laser cutters, angle grinders, and other tools to shape and sculpt. \"I\u2019m like a sort of scavenger. I feel like a kid on a sandpile, except instead of sand, there\u2019s a heap of scrap metal to recycle, filled with beautiful objects.\" Often, the sculptures that emerge from this metal waste tell us where we come from and how our future might look<\/p>\n<p>[\/et_pb_text][\/et_pb_column][\/et_pb_row][et_pb_row column_structure=\u00a0\u00bb1_4,3_4&Prime; use_custom_gutter=\u00a0\u00bbon\u00a0\u00bb gutter_width=\u00a0\u00bb2&Prime; make_equal=\u00a0\u00bbon\u00a0\u00bb _builder_version=\u00a0\u00bb4.27.0&Prime; _module_preset=\u00a0\u00bbdefault\u00a0\u00bb max_width=\u00a0\u00bb100%\u00a0\u00bb global_colors_info=\u00a0\u00bb{}\u00a0\u00bb][et_pb_column type=\u00a0\u00bb1_4&Prime; _builder_version=\u00a0\u00bb4.27.0&Prime; _module_preset=\u00a0\u00bbdefault\u00a0\u00bb global_colors_info=\u00a0\u00bb{}\u00a0\u00bb][et_pb_code _builder_version=\u00a0\u00bb4.27.0&Prime; _module_preset=\u00a0\u00bbdefault\u00a0\u00bb custom_css_main_element=\u00a0\u00bbdisplay: flex;\u00a0\u00bb locked=\u00a0\u00bbon\u00a0\u00bb global_colors_info=\u00a0\u00bb{}\u00a0\u00bb]<form data-sf-form-id='170' data-is-rtl='0' data-maintain-state='' data-results-url='https:\/\/www.pierrematter.fr\/oeuvres-disponibles\/' data-ajax-url='https:\/\/www.pierrematter.fr\/oeuvres-disponibles\/?sf_data=all' data-ajax-form-url='https:\/\/www.pierrematter.fr\/en\/?sfid=170&amp;sf_action=get_data&amp;sf_data=form' data-display-result-method='divi_post_module' data-use-history-api='1' data-template-loaded='0' data-lang-code='en' data-ajax='1' data-ajax-data-type='html' data-ajax-links-selector='.wp-pagenavi a' data-ajax-target='.search-filter-results-170' data-ajax-pagination-type='normal' data-update-ajax-url='1' data-only-results-ajax='1' data-scroll-to-pos='0' data-init-paged='1' data-auto-update='1' data-auto-count='1' data-auto-count-refresh-mode='1' action='https:\/\/www.pierrematter.fr\/en\/oeuvres-disponibles\/' method='post' class='searchandfilter' id='search-filter-form-170' autocomplete='off' data-instance-count='1' data-trp-original-action=\"https:\/\/www.pierrematter.fr\/oeuvres-disponibles\/\"><ul><li class=\"sf-field-post-meta-matierev2\" data-sf-field-name=\"_sfm_matierev2\" data-sf-field-type=\"post_meta\" data-sf-field-input-type=\"select\" data-sf-meta-type=\"choice\"><h4>Material<\/h4>\t\t<label>\n\t\t\t\t   \t\t<select name=\"_sfm_matierev2[]\" class=\"sf-input-select\" title=\"\">\n\t\t\t\t\t\t  \t\t\t<option class=\"sf-level-0 sf-item-0 sf-option-active\" selected=\"selected\" data-sf-depth=\"0\" value=\"\">Mati\u00e8re<\/option>\n\t\t\t\t\t\t\t\t\t\t\t<option class=\"sf-level-0\" data-sf-count=\"47\" data-sf-depth=\"0\" value=\"Assemblage autres m\u00e9taux\">Assemblage autres m\u00e9taux&nbsp;&nbsp;(47)<\/option>\n\t\t\t\t\t\t\t\t\t\t\t<option class=\"sf-level-0\" data-sf-count=\"109\" data-sf-depth=\"0\" value=\"Bronze\">Bronze&nbsp;&nbsp;(109)<\/option>\n\t\t\t\t\t\t\t\t\t\t\t<\/select><\/label>\t\t\t\t\t\t\t\t\t\t<\/li><li class=\"sf-field-post-meta-tailleok\" data-sf-field-name=\"_sfm_tailleok\" data-sf-field-type=\"post_meta\" data-sf-field-input-type=\"select\" data-sf-meta-type=\"choice\"><h4>Size<\/h4>\t\t<label>\n\t\t\t\t   \t\t\t<span class=\"screen-reader-text\">Size<\/span>\n\t\t\t\t\t\t\t\t<select name=\"_sfm_tailleok[]\" class=\"sf-input-select\" title=\"Size\">\n\t\t\t\t\t\t  \t\t\t<option class=\"sf-level-0 sf-item-0 sf-option-active\" selected=\"selected\" data-sf-depth=\"0\" value=\"\">Size<\/option>\n\t\t\t\t\t\t\t\t\t\t\t<option class=\"sf-level-0\" data-sf-count=\"45\" data-sf-depth=\"0\" value=\"Grande\">Grande&nbsp;&nbsp;(45)<\/option>\n\t\t\t\t\t\t\t\t\t\t\t<option class=\"sf-level-0\" data-sf-count=\"78\" data-sf-depth=\"0\" value=\"Moyenne\">Moyenne&nbsp;&nbsp;(78)<\/option>\n\t\t\t\t\t\t\t\t\t\t\t<option class=\"sf-level-0\" data-sf-count=\"33\" data-sf-depth=\"0\" value=\"Petite\">Petite&nbsp;&nbsp;(33)<\/option>\n\t\t\t\t\t\t\t\t\t\t\t<\/select><\/label>\t\t\t\t\t\t\t\t\t\t<\/li><\/ul><input type=\"hidden\" name=\"trp-form-language\" value=\"en\"\/><\/form>[\/et_pb_code][\/et_pb_column][et_pb_column type=\u00a0\u00bb3_4&Prime; _builder_version=\u00a0\u00bb4.27.0&Prime; _module_preset=\u00a0\u00bbdefault\u00a0\u00bb custom_padding=\u00a0\u00bb|0px||0px|false|true\u00a0\u00bb global_colors_info=\u00a0\u00bb{}\u00a0\u00bb][et_pb_blog post_type=\u00a0\u00bbcreations_dispo\u00a0\u00bb use_manual_excerpt=\u00a0\u00bboff\u00a0\u00bb show_more=\u00a0\u00bbon\u00a0\u00bb show_author=\u00a0\u00bboff\u00a0\u00bb show_date=\u00a0\u00bboff\u00a0\u00bb show_categories=\u00a0\u00bboff\u00a0\u00bb show_excerpt=\u00a0\u00bboff\u00a0\u00bb use_overlay=\u00a0\u00bbon\u00a0\u00bb overlay_icon_color=\u00a0\u00bb#cccccc\u00a0\u00bb hover_overlay_color=\u00a0\u00bbrgba(84,84,84,0.65)\u00a0\u00bb hover_icon=\u00a0\u00bb&#x4c;||divi||400&Prime; module_class=\u00a0\u00bbsearch-filter-results-170 et-blog-css-grid .bloc-meme-hauteur sf-fix-pagination\u00a0\u00bb _builder_version=\u00a0\u00bb4.27.4&Prime; _module_preset=\u00a0\u00bbdefault\u00a0\u00bb header_font=\u00a0\u00bb|||on|||||\u00a0\u00bb header_font_size=\u00a0\u00bb16px\u00a0\u00bb read_more_text_color=\u00a0\u00bb#253438&Prime; pagination_text_color=\u00a0\u00bb#191B1F\u00a0\u00bb width=\u00a0\u00bb100%\u00a0\u00bb max_width=\u00a0\u00bb100%\u00a0\u00bb module_alignment=\u00a0\u00bbcenter\u00a0\u00bb custom_margin=\u00a0\u00bb|||0px|false|false\u00a0\u00bb custom_padding=\u00a0\u00bb0px|0px|0px|0px|true|true\u00a0\u00bb hover_enabled=\u00a0\u00bb0&Prime; search_filter_link=\u00a0\u00bbyes\u00a0\u00bb search_filter_id=\u00a0\u00bbsearch-filter-id-170&Prime; border_width_all=\u00a0\u00bb0px\u00a0\u00bb border_radii_fullwidth=\u00a0\u00bbon|8px|8px|8px|8px\u00a0\u00bb border_width_all_fullwidth=\u00a0\u00bb1px\u00a0\u00bb border_color_all_fullwidth=\u00a0\u00bb#e5e5e5&Prime; locked=\u00a0\u00bboff\u00a0\u00bb global_colors_info=\u00a0\u00bb{}\u00a0\u00bb read_more_text_color__hover_enabled=\u00a0\u00bbon|hover\u00a0\u00bb read_more_text_color__hover=\u00a0\u00bb#F2F2F2&Prime; sticky_enabled=\u00a0\u00bb0&Prime;][\/et_pb_blog][et_pb_code _builder_version=\u00a0\u00bb4.27.0&Prime; _module_preset=\u00a0\u00bbdefault\u00a0\u00bb global_colors_info=\u00a0\u00bb{}\u00a0\u00bb]<\/p>\n<style><!-- [et_pb_line_break_holder] -->.et-blog-css-grid > div {<!-- [et_pb_line_break_holder] -->  display: grid;<!-- [et_pb_line_break_holder] -->  grid-template-columns: repeat(auto-fill, minmax(200px, 1fr));<!-- [et_pb_line_break_holder] -->  gap: 20px;<!-- [et_pb_line_break_holder] -->}<!-- [et_pb_line_break_holder] -->  .et-blog-css-grid .et_pb_post {<!-- [et_pb_line_break_holder] -->  align-self: start;<!-- [et_pb_line_break_holder] -->  padding: 15px;<!-- [et_pb_line_break_holder] -->}<!-- [et_pb_line_break_holder] -->  .et-blog-css-grid .entry-featured-image-url {<!-- [et_pb_line_break_holder] -->  padding-top: 56.25%;<!-- [et_pb_line_break_holder] -->}<!-- [et_pb_line_break_holder] -->.et-blog-css-grid .entry-featured-image-url img {<!-- [et_pb_line_break_holder] -->  position: absolute;<!-- [et_pb_line_break_holder] -->  height: 100%;<!-- [et_pb_line_break_holder] -->  width: 100%;<!-- [et_pb_line_break_holder] -->  top: 0;<!-- [et_pb_line_break_holder] -->  object-fit: cover;<!-- [et_pb_line_break_holder] -->}<!-- [et_pb_line_break_holder] --><\/style>\n<p>[\/et_pb_code][\/et_pb_column][\/et_pb_row][\/et_pb_section]<\/p>","protected":false},"excerpt":{"rendered":"<p>DisponiblePierre Matter travaille essentiellement le bronze et associe des objets recycl\u00e9s en m\u00e9tal dans ses sculptures, utilisant la soudure, des d\u00e9coupeurs plasma, des d\u00e9coupeurs lasers, disqueuses, meuleuses pour former et sculpter. \u00ab Je suis une sorte de r\u00e9cup\u00e9rateur. Je me sens comme un gosse sur un tas de sable, sauf qu\u2019\u00e0 la place du sable, [&hellip;]<\/p>","protected":false},"author":1,"featured_media":0,"parent":0,"menu_order":0,"comment_status":"closed","ping_status":"closed","template":"","meta":{"_acf_changed":false,"_et_pb_use_builder":"on","_et_pb_old_content":"","_et_gb_content_width":"","footnotes":""},"class_list":["post-64","page","type-page","status-publish","hentry"],"acf":[],"yoast_head":"<!-- This site is optimized with the Yoast SEO plugin v25.8 - https:\/\/yoast.com\/wordpress\/plugins\/seo\/ -->\n<title>\u0152uvres disponibles | Pierre Matter | Demande de tarifs<\/title>\n<meta name=\"description\" content=\"D\u00e9couvrez les \u0153uvres disponibles, o\u00f9 la fusion de l\u2019organique et du m\u00e9tal donne naissance \u00e0 des sculptures \u00e9tonnantes. Laissez-vous emporter\" \/>\n<meta name=\"robots\" content=\"index, follow, max-snippet:-1, max-image-preview:large, max-video-preview:-1\" \/>\n<link rel=\"canonical\" href=\"https:\/\/www.pierrematter.fr\/en\/oeuvres-disponibles\/\" \/>\n<meta property=\"og:locale\" content=\"en_GB\" \/>\n<meta property=\"og:type\" content=\"article\" \/>\n<meta property=\"og:title\" content=\"\u0152uvres disponibles | Pierre Matter | Demande de tarifs\" \/>\n<meta property=\"og:description\" content=\"D\u00e9couvrez les \u0153uvres disponibles, o\u00f9 la fusion de l\u2019organique et du m\u00e9tal donne naissance \u00e0 des sculptures \u00e9tonnantes. Laissez-vous emporter\" \/>\n<meta property=\"og:url\" content=\"https:\/\/www.pierrematter.fr\/en\/oeuvres-disponibles\/\" \/>\n<meta property=\"og:site_name\" content=\"Pierre Matter\" \/>\n<meta property=\"article:publisher\" content=\"https:\/\/www.facebook.com\/matterpierre\" \/>\n<meta property=\"article:modified_time\" content=\"2025-10-09T10:14:52+00:00\" \/>\n<meta name=\"twitter:card\" content=\"summary_large_image\" \/>\n<meta name=\"twitter:label1\" content=\"Estimated reading time\" \/>\n\t<meta name=\"twitter:data1\" content=\"3 minutes\" \/>\n<script type=\"application\/ld+json\" class=\"yoast-schema-graph\">{\"@context\":\"https:\/\/schema.org\",\"@graph\":[{\"@type\":\"WebPage\",\"@id\":\"https:\/\/www.pierrematter.fr\/oeuvres-disponibles\/\",\"url\":\"https:\/\/www.pierrematter.fr\/oeuvres-disponibles\/\",\"name\":\"\u0152uvres disponibles | Pierre Matter | Demande de tarifs\",\"isPartOf\":{\"@id\":\"https:\/\/www.pierrematter.fr\/#website\"},\"datePublished\":\"2024-08-30T09:52:36+00:00\",\"dateModified\":\"2025-10-09T10:14:52+00:00\",\"description\":\"D\u00e9couvrez les \u0153uvres disponibles, o\u00f9 la fusion de l\u2019organique et du m\u00e9tal donne naissance \u00e0 des sculptures \u00e9tonnantes. Laissez-vous emporter\",\"breadcrumb\":{\"@id\":\"https:\/\/www.pierrematter.fr\/oeuvres-disponibles\/#breadcrumb\"},\"inLanguage\":\"en-GB\",\"potentialAction\":[{\"@type\":\"ReadAction\",\"target\":[\"https:\/\/www.pierrematter.fr\/oeuvres-disponibles\/\"]}]},{\"@type\":\"BreadcrumbList\",\"@id\":\"https:\/\/www.pierrematter.fr\/oeuvres-disponibles\/#breadcrumb\",\"itemListElement\":[{\"@type\":\"ListItem\",\"position\":1,\"name\":\"Accueil\",\"item\":\"https:\/\/www.pierrematter.fr\/\"},{\"@type\":\"ListItem\",\"position\":2,\"name\":\"Disponible\"}]},{\"@type\":\"WebSite\",\"@id\":\"https:\/\/www.pierrematter.fr\/#website\",\"url\":\"https:\/\/www.pierrematter.fr\/\",\"name\":\"Pierre Matter\",\"description\":\"D\u00e9couvrez l&#039;univers en m\u00e9tal de l&#039;artiste Pierre Matter\",\"publisher\":{\"@id\":\"https:\/\/www.pierrematter.fr\/#organization\"},\"potentialAction\":[{\"@type\":\"SearchAction\",\"target\":{\"@type\":\"EntryPoint\",\"urlTemplate\":\"https:\/\/www.pierrematter.fr\/?s={search_term_string}\"},\"query-input\":{\"@type\":\"PropertyValueSpecification\",\"valueRequired\":true,\"valueName\":\"search_term_string\"}}],\"inLanguage\":\"en-GB\"},{\"@type\":\"Organization\",\"@id\":\"https:\/\/www.pierrematter.fr\/#organization\",\"name\":\"Pierre Matter\",\"url\":\"https:\/\/www.pierrematter.fr\/\",\"logo\":{\"@type\":\"ImageObject\",\"inLanguage\":\"en-GB\",\"@id\":\"https:\/\/www.pierrematter.fr\/#\/schema\/logo\/image\/\",\"url\":\"https:\/\/www.pierrematter.fr\/wp-content\/uploads\/2024\/10\/bright-mamma-1.jpg\",\"contentUrl\":\"https:\/\/www.pierrematter.fr\/wp-content\/uploads\/2024\/10\/bright-mamma-1.jpg\",\"width\":990,\"height\":556,\"caption\":\"Pierre Matter\"},\"image\":{\"@id\":\"https:\/\/www.pierrematter.fr\/#\/schema\/logo\/image\/\"},\"sameAs\":[\"https:\/\/www.facebook.com\/matterpierre\"]}]}<\/script>\n<!-- \/ Yoast SEO plugin. -->","yoast_head_json":{"title":"\u0152uvres disponibles | Pierre Matter | Demande de tarifs","description":"D\u00e9couvrez les \u0153uvres disponibles, o\u00f9 la fusion de l\u2019organique et du m\u00e9tal donne naissance \u00e0 des sculptures \u00e9tonnantes. Laissez-vous emporter","robots":{"index":"index","follow":"follow","max-snippet":"max-snippet:-1","max-image-preview":"max-image-preview:large","max-video-preview":"max-video-preview:-1"},"canonical":"https:\/\/www.pierrematter.fr\/en\/oeuvres-disponibles\/","og_locale":"en_GB","og_type":"article","og_title":"\u0152uvres disponibles | Pierre Matter | Demande de tarifs","og_description":"D\u00e9couvrez les \u0153uvres disponibles, o\u00f9 la fusion de l\u2019organique et du m\u00e9tal donne naissance \u00e0 des sculptures \u00e9tonnantes. Laissez-vous emporter","og_url":"https:\/\/www.pierrematter.fr\/en\/oeuvres-disponibles\/","og_site_name":"Pierre Matter","article_publisher":"https:\/\/www.facebook.com\/matterpierre","article_modified_time":"2025-10-09T10:14:52+00:00","twitter_card":"summary_large_image","twitter_misc":{"Estimated reading time":"3 minutes"},"schema":{"@context":"https:\/\/schema.org","@graph":[{"@type":"WebPage","@id":"https:\/\/www.pierrematter.fr\/oeuvres-disponibles\/","url":"https:\/\/www.pierrematter.fr\/oeuvres-disponibles\/","name":"\u0152uvres disponibles | Pierre Matter | Demande de tarifs","isPartOf":{"@id":"https:\/\/www.pierrematter.fr\/#website"},"datePublished":"2024-08-30T09:52:36+00:00","dateModified":"2025-10-09T10:14:52+00:00","description":"D\u00e9couvrez les \u0153uvres disponibles, o\u00f9 la fusion de l\u2019organique et du m\u00e9tal donne naissance \u00e0 des sculptures \u00e9tonnantes. Laissez-vous emporter","breadcrumb":{"@id":"https:\/\/www.pierrematter.fr\/oeuvres-disponibles\/#breadcrumb"},"inLanguage":"en-GB","potentialAction":[{"@type":"ReadAction","target":["https:\/\/www.pierrematter.fr\/oeuvres-disponibles\/"]}]},{"@type":"BreadcrumbList","@id":"https:\/\/www.pierrematter.fr\/oeuvres-disponibles\/#breadcrumb","itemListElement":[{"@type":"ListItem","position":1,"name":"Accueil","item":"https:\/\/www.pierrematter.fr\/"},{"@type":"ListItem","position":2,"name":"Disponible"}]},{"@type":"WebSite","@id":"https:\/\/www.pierrematter.fr\/#website","url":"https:\/\/www.pierrematter.fr\/","name":"Pierre Matter","description":"D\u00e9couvrez l&#039;univers en m\u00e9tal de l&#039;artiste Pierre Matter","publisher":{"@id":"https:\/\/www.pierrematter.fr\/#organization"},"potentialAction":[{"@type":"SearchAction","target":{"@type":"EntryPoint","urlTemplate":"https:\/\/www.pierrematter.fr\/?s={search_term_string}"},"query-input":{"@type":"PropertyValueSpecification","valueRequired":true,"valueName":"search_term_string"}}],"inLanguage":"en-GB"},{"@type":"Organization","@id":"https:\/\/www.pierrematter.fr\/#organization","name":"Pierre Matter","url":"https:\/\/www.pierrematter.fr\/","logo":{"@type":"ImageObject","inLanguage":"en-GB","@id":"https:\/\/www.pierrematter.fr\/#\/schema\/logo\/image\/","url":"https:\/\/www.pierrematter.fr\/wp-content\/uploads\/2024\/10\/bright-mamma-1.jpg","contentUrl":"https:\/\/www.pierrematter.fr\/wp-content\/uploads\/2024\/10\/bright-mamma-1.jpg","width":990,"height":556,"caption":"Pierre Matter"},"image":{"@id":"https:\/\/www.pierrematter.fr\/#\/schema\/logo\/image\/"},"sameAs":["https:\/\/www.facebook.com\/matterpierre"]}]}},"_links":{"self":[{"href":"https:\/\/www.pierrematter.fr\/en\/wp-json\/wp\/v2\/pages\/64","targetHints":{"allow":["GET"]}}],"collection":[{"href":"https:\/\/www.pierrematter.fr\/en\/wp-json\/wp\/v2\/pages"}],"about":[{"href":"https:\/\/www.pierrematter.fr\/en\/wp-json\/wp\/v2\/types\/page"}],"author":[{"embeddable":true,"href":"https:\/\/www.pierrematter.fr\/en\/wp-json\/wp\/v2\/users\/1"}],"replies":[{"embeddable":true,"href":"https:\/\/www.pierrematter.fr\/en\/wp-json\/wp\/v2\/comments?post=64"}],"version-history":[{"count":63,"href":"https:\/\/www.pierrematter.fr\/en\/wp-json\/wp\/v2\/pages\/64\/revisions"}],"predecessor-version":[{"id":2581,"href":"https:\/\/www.pierrematter.fr\/en\/wp-json\/wp\/v2\/pages\/64\/revisions\/2581"}],"wp:attachment":[{"href":"https:\/\/www.pierrematter.fr\/en\/wp-json\/wp\/v2\/media?parent=64"}],"curies":[{"name":"wp","href":"https:\/\/api.w.org\/{rel}","templated":true}]}}